{"id":37,"date":"2025-05-08T21:45:30","date_gmt":"2025-05-09T02:45:30","guid":{"rendered":"https:\/\/micotural.com\/about\/"},"modified":"2025-06-12T01:56:00","modified_gmt":"2025-06-12T06:56:00","slug":"nosotros","status":"publish","type":"page","link":"https:\/\/micotural.com\/?page_id=37","title":{"rendered":"Nosotros"},"content":{"rendered":"\n\n\n\n\n\n\n\n\nExperiencias extraordinarias  de senderismo y recolecci\u00f3n de hongos en la zona boscosa de Isidro Fabela.\n\n\n<figure class=\"wp-block-image size-large is-resized\"><img loading=\"lazy\" decoding=\"async\" width=\"2378\" height=\"1783\" src=\"https:\/\/micotural.com\/wp-content\/uploads\/2025\/06\/Imagen-de-WhatsApp-2025-05-21-a-las-15.43.40_03c6ea11-edited.jpg\" alt=\"\" class=\"wp-image-161\" style=\"width:404px;height:auto\" srcset=\"https:\/\/micotural.com\/wp-content\/uploads\/2025\/06\/Imagen-de-WhatsApp-2025-05-21-a-las-15.43.40_03c6ea11-edited.jpg 2378w, https:\/\/micotural.com\/wp-content\/uploads\/2025\/06\/Imagen-de-WhatsApp-2025-05-21-a-las-15.43.40_03c6ea11-edited-300x225.jpg 300w, https:\/\/micotural.com\/wp-content\/uploads\/2025\/06\/Imagen-de-WhatsApp-2025-05-21-a-las-15.43.40_03c6ea11-edited-1024x768.jpg 1024w, https:\/\/micotural.com\/wp-content\/uploads\/2025\/06\/Imagen-de-WhatsApp-2025-05-21-a-las-15.43.40_03c6ea11-edited-768x576.jpg 768w, https:\/\/micotural.com\/wp-content\/uploads\/2025\/06\/Imagen-de-WhatsApp-2025-05-21-a-las-15.43.40_03c6ea11-edited-1536x1152.jpg 1536w, https:\/\/micotural.com\/wp-content\/uploads\/2025\/06\/Imagen-de-WhatsApp-2025-05-21-a-las-15.43.40_03c6ea11-edited-2048x1536.jpg 2048w\" sizes=\"auto, (max-width: 2378px) 100vw, 2378px\" \/><\/figure>\n\n\n\nSenderismo\n\n\n\n<p>Actividad deportiva no competitiva que consiste en caminatas en zonas boscosas que permite una conexi\u00f3n con la naturaleza que favorecen el sistema inmune, reduce el estr\u00e9s, cuenta con efecto antidepresivo, aumenta el flujo de ox\u00edgeno en el cuerpo, brinda vitalidad, bienestar general y fortalece el esp\u00edritu.<\/p>\n\n\n\nPromueve la reflexi\u00f3n.\n\n\nAumenta la creatividad.\n\n\nMejora la concentraci\u00f3n.\n\n\nFortalece los m\u00fasculos.\n\n\nReduce la ansiedad.\n\n\n\n\n\n\n\n\n\n<h2>Luchando por el planeta<\/h2>\n\n\n\n<h6>Comprometidos con el medio ambiente. <\/h6>\n\n\n\n\n\n\n\n\n\n\n\n\n\n\n\n\n\n<h3>Visi\u00f3n, Misi\u00f3n y Valores<\/h3>\n\n\n<h6><strong>MISI\u00d3N<\/strong><br>Ofrecer experiencias de conexi\u00f3n con la naturaleza y ense\u00f1anza del cuidado del medio ambiente por medio de caminatas por el bosque del Estado de M\u00e9xico que permita a los visitantes identificar las especies de hongos que habitan en la zona, sus maravillosas caracter\u00edsticas y beneficios que brindan, donde finalmente puedan conocer el consumo y uso responsable de los hongos en la gastronom\u00eda. &nbsp;<br><br><strong>VISI\u00d3N<\/strong><br>Ser una empresa de Micoturismo reconocida a nivel nacional e internacional, por su alta calidad de superaci\u00f3n de expectativas de turistas, dando a conocer la importancia que tienen los hongos en nuestra cultura, reconociendo la gran diversidad que convierten al Estado de M\u00e9xico en un territorio de suma importancia biol\u00f3gica, gastron\u00f3mica y cultural en el ecoturismo.<\/h6>\n<h4>\n<\/h4><h4><font color=\"#474747\"><strong>VALORES<\/strong><\/font><\/h4>\n\nAMOR POR LA NATURALEZA<br>Cuidamos y conservamos los recursos del planeta y la vida.\nCOMPROMISO<br>Cumplimos con las expectativas de nuestros clientes.\nRESPETO<br>Brindamos un trato digno a las personas y a todo el ecosistema.<br>\nTRABAJO EN EQUIPO<br>Sumamos esfuerzos para multiplicar objetivos.\nRESPONSABILIDAD<br>Reconocemos las opiniones y caracter\u00edsticas de los dem\u00e1s.\n\n<!-- {\"attr\":{\"align\":\"left\",\"hindent\":\"3\",\"hindent_mobile\":\"NaN\",\"vindent\":\"3\",\"ele_margin\":\"10px,0px,0px,0px\",\"group_layout\":\"horizontal\",\"ele_bg_gradient\":\"150,#44d3f6,23,#72e584,45,#2ca4eb,100\",\"ele_bg_hover_delay\":400,\"ele_bg_gradient_hover\":\"150,#44d3f6,25,#72e584,75,#2ca4eb,100\",\"border_width\":\"1px,1px,1px,1px\",\"border_color\":\"#CCC\",\"ele_align\":\"margin\",\"ele_height\":\"auto\",\"animation_delay\":600,\"ele_sticky_on\":\"desktop,tablet,mobile\",\"ele_v_sc_direction\":\"opposite\",\"ele_v_sc_speed\":5,\"ele_v_sc_top_viewport\":100,\"ele_v_sc_bottom_viewport\":100,\"ele_h_sc_direction\":\"toleft\",\"ele_h_sc_speed\":5,\"ele_h_sc_left_viewport\":100,\"ele_h_sc_right_viewport\":100,\"ele_transp_type\":\"fadein\",\"ele_transp_level\":5,\"ele_transp_top_viewport\":100,\"ele_transp_bottom_viewport\":100,\"ele_blur_type\":\"blurin\",\"ele_blur_level\":5,\"ele_blur_top_viewport\":100,\"ele_blur_bottom_viewport\":100,\"ele_rot_direction\":\"clockwise\",\"ele_rot_speed\":5,\"ele_rot_top_viewport\":100,\"ele_rot_bottom_viewport\":100,\"ele_rot_x_anc_point\":\"center\",\"ele_rot_y_anc_point\":\"center\",\"ele_scl_direction\":\"scaleup\",\"ele_scl_level\":5,\"ele_scl_top_viewport\":100,\"ele_scl_bottom_viewport\":100,\"ele_scl_x_anc_point\":\"center\",\"ele_scl_y_anc_point\":\"center\",\"motion_area\":\"viewport\",\"ele_motion_effect_on\":\"desktop,tablet,mobile\",\"ele_m_tr_direction\":\"opposite\",\"ele_m_tr_level\":5,\"ele_3d_tilt_direction\":\"opposite\",\"ele_3d_tilt_level\":5},\"tmp\":{}} -->\n<style pagelayer-style-id=\"y366371\">.p-y366371{text-align: left;margin-top: 10px; margin-right: 0px; margin-bottom: 0px; margin-left: 0px}\n.p-y366371 .pagelayer-btn{text-align: left;padding-left: 3px; padding-right: 3px}\n.p-y366371 > div{display: inline-block}\n@media (max-width: 500px){.p-y366371 .pagelayer-btn{padding-left: NaNpx; padding-right: NaNpx}\n}\n<\/style>\n\n\n\n\n<figure class=\"wp-block-image size-large\"><img loading=\"lazy\" decoding=\"async\" width=\"461\" height=\"1024\" src=\"https:\/\/micotural.com\/wp-content\/uploads\/2025\/06\/Imagen-de-WhatsApp-2025-05-17-a-las-11.52.35_d204f098-461x1024.jpg\" alt=\"\" class=\"wp-image-168\" srcset=\"https:\/\/micotural.com\/wp-content\/uploads\/2025\/06\/Imagen-de-WhatsApp-2025-05-17-a-las-11.52.35_d204f098-461x1024.jpg 461w, https:\/\/micotural.com\/wp-content\/uploads\/2025\/06\/Imagen-de-WhatsApp-2025-05-17-a-las-11.52.35_d204f098-135x300.jpg 135w, https:\/\/micotural.com\/wp-content\/uploads\/2025\/06\/Imagen-de-WhatsApp-2025-05-17-a-las-11.52.35_d204f098-768x1707.jpg 768w, https:\/\/micotural.com\/wp-content\/uploads\/2025\/06\/Imagen-de-WhatsApp-2025-05-17-a-las-11.52.35_d204f098-691x1536.jpg 691w, https:\/\/micotural.com\/wp-content\/uploads\/2025\/06\/Imagen-de-WhatsApp-2025-05-17-a-las-11.52.35_d204f098-922x2048.jpg 922w, https:\/\/micotural.com\/wp-content\/uploads\/2025\/06\/Imagen-de-WhatsApp-2025-05-17-a-las-11.52.35_d204f098-scaled.jpg 1152w\" sizes=\"auto, (max-width: 461px) 100vw, 461px\" \/><\/figure>\n\n\n\n\n\n<h3>Valores<\/h3>\n\n\n<p>En MICOTURAL creemos que hacer turismo no es solo recorrer paisajes: es honrar la tierra, cuidar sus secretos y conectar con ella desde el respeto y la autenticidad. Lo que nos hace DIFERENTES no es \u00fanicamente lo que hacemos, sino <strong>c\u00f3mo lo hacemos<\/strong>.&nbsp;<\/p>\n<p>Desde cada paso en el sendero hasta cada hongo recolectado, trabajamos con un profundo compromiso por la conservaci\u00f3n. Nuestros recorridos est\u00e1n dise\u00f1ados para minimizar el impacto ambiental y fomentar una conciencia ecol\u00f3gica activa en quienes nos acompa\u00f1an.<\/p>\n<p>No buscamos solo mostrar un paisaje, sino <strong>transformar la mirada<\/strong>. Nuestros gu\u00edas no solo conducen, ense\u00f1an. Cada recorrido es una experiencia formativa que sensibiliza sobre la biodiversidad, el equilibrio de los ecosistemas y el valor del entorno natural como patrimonio vivo.<\/p>\n\n\n<p>Lorem Ipsum has been the industry&#8217;s standard dummy text ever since the 1500s.<\/p>\n\n\n\n\n<h3>\u00a1Atr\u00e9vete a vivir una experiencia que te llenar\u00e1 de vida!<\/h3>\n\n<!--{\"attr\":{\"hindent\":\"3\",\"hindent_mobile\":\"NaN\",\"vindent\":\"3\",\"ele_margin\":\"30px,0px,0px,0px\",\"align\":\"center\",\"group_layout\":\"horizontal\",\"ele_bg_gradient\":\"150,#44d3f6,23,#72e584,45,#2ca4eb,100\",\"ele_bg_hover_delay\":400,\"ele_bg_gradient_hover\":\"150,#44d3f6,25,#72e584,75,#2ca4eb,100\",\"border_width\":\"1px,1px,1px,1px\",\"border_color\":\"#CCC\",\"ele_align\":\"margin\",\"ele_height\":\"auto\",\"animation_delay\":600,\"ele_sticky_on\":\"desktop,tablet,mobile\",\"ele_v_sc_direction\":\"opposite\",\"ele_v_sc_speed\":5,\"ele_v_sc_top_viewport\":100,\"ele_v_sc_bottom_viewport\":100,\"ele_h_sc_direction\":\"toleft\",\"ele_h_sc_speed\":5,\"ele_h_sc_left_viewport\":100,\"ele_h_sc_right_viewport\":100,\"ele_transp_type\":\"fadein\",\"ele_transp_level\":5,\"ele_transp_top_viewport\":100,\"ele_transp_bottom_viewport\":100,\"ele_blur_type\":\"blurin\",\"ele_blur_level\":5,\"ele_blur_top_viewport\":100,\"ele_blur_bottom_viewport\":100,\"ele_rot_direction\":\"clockwise\",\"ele_rot_speed\":5,\"ele_rot_top_viewport\":100,\"ele_rot_bottom_viewport\":100,\"ele_rot_x_anc_point\":\"center\",\"ele_rot_y_anc_point\":\"center\",\"ele_scl_direction\":\"scaleup\",\"ele_scl_level\":5,\"ele_scl_top_viewport\":100,\"ele_scl_bottom_viewport\":100,\"ele_scl_x_anc_point\":\"center\",\"ele_scl_y_anc_point\":\"center\",\"motion_area\":\"viewport\",\"ele_motion_effect_on\":\"desktop,tablet,mobile\",\"ele_m_tr_direction\":\"opposite\",\"ele_m_tr_level\":5,\"ele_3d_tilt_direction\":\"opposite\",\"ele_3d_tilt_level\":5},\"tmp\":{}}-->\n<style pagelayer-style-id=\"7ef7575\">.p-7ef7575{text-align: center}\n.p-7ef7575 .pagelayer-btn{text-align: center}\n.p-7ef7575 > div{display: inline-block;}\n.p-7ef7575 .pagelayer-btn{padding-left: 3px; padding-right: 3px;}\n@media (max-width: 500px){.p-7ef7575 .pagelayer-btn{padding-left: NaNpx; padding-right: NaNpx;}}\n.p-7ef7575{margin-top: 30px; margin-right: 0px; margin-bottom: 0px; margin-left: 0px}<\/style>\n\n\n\n\n\n\n","protected":false},"excerpt":{"rendered":"","protected":false},"author":1,"featured_media":0,"parent":0,"menu_order":0,"comment_status":"closed","ping_status":"closed","template":"","meta":{"pagelayer_contact_templates":[],"_pagelayer_content":"","footnotes":""},"class_list":["post-37","page","type-page","status-publish","hentry"],"_links":{"self":[{"href":"https:\/\/micotural.com\/index.php?rest_route=\/wp\/v2\/pages\/37","targetHints":{"allow":["GET"]}}],"collection":[{"href":"https:\/\/micotural.com\/index.php?rest_route=\/wp\/v2\/pages"}],"about":[{"href":"https:\/\/micotural.com\/index.php?rest_route=\/wp\/v2\/types\/page"}],"author":[{"embeddable":true,"href":"https:\/\/micotural.com\/index.php?rest_route=\/wp\/v2\/users\/1"}],"replies":[{"embeddable":true,"href":"https:\/\/micotural.com\/index.php?rest_route=%2Fwp%2Fv2%2Fcomments&post=37"}],"version-history":[{"count":14,"href":"https:\/\/micotural.com\/index.php?rest_route=\/wp\/v2\/pages\/37\/revisions"}],"predecessor-version":[{"id":187,"href":"https:\/\/micotural.com\/index.php?rest_route=\/wp\/v2\/pages\/37\/revisions\/187"}],"wp:attachment":[{"href":"https:\/\/micotural.com\/index.php?rest_route=%2Fwp%2Fv2%2Fmedia&parent=37"}],"curies":[{"name":"wp","href":"https:\/\/api.w.org\/{rel}","templated":true}]}}