{"id":40,"date":"2025-05-08T21:45:30","date_gmt":"2025-05-09T02:45:30","guid":{"rendered":"https:\/\/micotural.com\/home\/"},"modified":"2025-06-12T02:07:43","modified_gmt":"2025-06-12T07:07:43","slug":"inicio","status":"publish","type":"page","link":"https:\/\/micotural.com\/","title":{"rendered":"Micotural"},"content":{"rendered":"\n\n\n\n\n\n\n\n\n\n\n\n\n\n\n\n\n\n\n\n\n<p>Lorem Ipsum has been the industry&#8217;s standard dummy text ever since the 1500s.<\/p>\n\n\n\n\n\nNuestra organizaci\u00f3n.\n\n\n\nMicotural.<br>Tour recolecci\u00f3n de hongos.\n\n\n\n<p [object NamedNodeMap]>Nuestro compromiso con el medio ambiente, la conservaci\u00f3n de la flora y fauna nos caracteriza y es por ello que durante los recorridos brindamos informaci\u00f3n indispensable para la conservaci\u00f3n de los ecosistemas, como nuestro bosque de agua.<br><br>Conocer\u00e1s lo maravilloso de disfrutar y aprender de todas las maravillas de nuestro bosque de agua y la importancia de su coexistencia con el ser humano y su extremo cuidado. <\/p>\n\n\n\n<p [object NamedNodeMap]><\/p>\n\n\n\n\n\n\n\n\n\n<p>Aprender\u00e1s algunos sistemas de reciclaje que podr\u00e1s implementar en tu hogar.<\/p>\n\n\n\n<p>Conocer\u00e1s c\u00f3mo las comunidades rurales aplican algunos m\u00e9todos \u00fatiles para la consrvaci\u00f3n del medio ambiente.<\/p>\n\n\n\n\n\n<p [object NamedNodeMap]>Descubrir\u00e1s algunos m\u00e9todos que se utilizan en la zona para el cuidado y uso del agua.<\/p>\n\n\n\n<p>Conocer\u00e1s algunos de los tantos manantiales que emergen del bosque y las zonas aleda\u00f1as que alimentan. <\/p>\n\n\n\n\n\n<p [object NamedNodeMap]>Caminatas que en gran medida favorecen tu estado de salud f\u00edsica y mental.<\/p>\n\n\n\n<p>Conocer\u00e1s todos los beneficios y papel crucial que juegan los hongos para brindar a otras especies, como los \u00e1rboles, nutrientes y mucho m\u00e1s.  <\/p>\n\n\n\n\n\n\n\n\n\nLos hongos y su importancia en el Bosque de Agua.\n\n\n\n<figure class=\"wp-block-image size-large\"><img loading=\"lazy\" decoding=\"async\" width=\"1024\" height=\"955\" src=\"https:\/\/micotural.com\/wp-content\/uploads\/2025\/05\/sssss-1024x955.jpg\" alt=\"\" class=\"wp-image-83\" srcset=\"https:\/\/micotural.com\/wp-content\/uploads\/2025\/05\/sssss-1024x955.jpg 1024w, https:\/\/micotural.com\/wp-content\/uploads\/2025\/05\/sssss-300x280.jpg 300w, https:\/\/micotural.com\/wp-content\/uploads\/2025\/05\/sssss-768x716.jpg 768w, https:\/\/micotural.com\/wp-content\/uploads\/2025\/05\/sssss-1536x1432.jpg 1536w, https:\/\/micotural.com\/wp-content\/uploads\/2025\/05\/sssss.jpg 1696w\" sizes=\"auto, (max-width: 1024px) 100vw, 1024px\" \/><\/figure>\n\n\n\n\n\n<h2>Micelios<\/h2>\n\n\n\n\n\n<p>Es una red de hongos que est\u00e1 conectada con las ra\u00edces de los \u00e1rboles, por medio de las hifas y<br>de esta red el \u00e1rbol recibe nutrientes minerales y agua, mientras el hongo recibe de los \u00e1rboles vitaminas e hidratos de carbono.<\/p>\n\n\n\n<figure class=\"wp-block-image size-full\"><img loading=\"lazy\" decoding=\"async\" width=\"750\" height=\"434\" src=\"https:\/\/micotural.com\/wp-content\/uploads\/2025\/05\/micelio.jpg\" alt=\"\" class=\"wp-image-108\" srcset=\"https:\/\/micotural.com\/wp-content\/uploads\/2025\/05\/micelio.jpg 750w, https:\/\/micotural.com\/wp-content\/uploads\/2025\/05\/micelio-300x174.jpg 300w\" sizes=\"auto, (max-width: 750px) 100vw, 750px\" \/><\/figure>\n\n\n\n\nLos \u00abMicelios\u00bb son las hifas que son filamentos muy delgados ubicados en la parte subterr\u00e1nea.\n\n\n\nPenetran en el sustrato y producen enzimas que descomponen los elementos org\u00e1nicos.\n\n\n\nLa gran extensi\u00f3n de estas redes permite a los \u00e1rboles obtener nutrientes indispensables.\n\n\n\nEl hongo, conocido como la parte externa, lo que vemos, recibe vitaminas e hidratos de carbono de los \u00e1rboles a su alrededor.\n\n\n\n\n\n\n\n\n<h2>Tomando Acci\u00f3n<\/h2>\n\n\n\n\n\n<p [object NamedNodeMap]><span style=\"color: rgb(255, 255, 255);\">Lorem ipsum dolor sit amet, consectetur adipiscing elit, sed do eiusmod tempor. consectetur adipiscing elit, sed do eiusmod tempor<\/span><\/p>\n\n\n\n\n\n\n\n<h3>Protecci\u00f3n del Ajolote<\/h3>\n\n\n\n<p>El ajolote es una especie de salamandra, end\u00e9mica de M\u00e9xico en estado cr\u00edtico de extinci\u00f3n. <br>Cuentan con una extraordinaria capacidad de regenerar sus extremidades y otras partes del cuerpo. <br>Se encuentran en algunas zonas del Bosque de Agua y otras partes del Valle de M\u00e9xico. <\/p>\n\n\n\n\nSu capacidad de regeneraci\u00f3n de algunas partes de su cuerpo los ha convertido en objeto de estudio cient\u00edfico.\n\n\n\nPoseen branquias externas en forma de pluma, lo que les permite respirar bajo el agua.\n\n\n\nEs nuestro deber proteger los ecosistemas acu\u00e1ticos donde habitan.\n\n\n\n\n\n\n\n\n<p>Lorem Ipsum has been the industry&#8217;s standard dummy text ever since the 1500s.<\/p>\n\n\n\n\n\n<p>Lorem Ipsum has been the industry&#8217;s standard dummy text ever since the 1500s.<\/p>\n\n\n\n\n\n\n\n\n\n<h2>\u00daltimas Experiencias<\/h2>\n\n\n\n\n\n\n\n<p>Caminatas desde la Presa Iturbide a localidades como Endeguido, pasando por la Cascada Velo de Novia.<\/p>\n\n\n\n\n\n<p>Se pueden encontrar hongos y recolectarlos para despu\u00e9s poder realizar una degustaci\u00f3n de los mismos.<\/p>\n\n\n\n\n\n<p>Durante las caminatas se realiza recolecci\u00f3n de basura por parte de todos los integrantes del grupo. <\/p>\n\n\n\n\n","protected":false},"excerpt":{"rendered":"","protected":false},"author":1,"featured_media":0,"parent":0,"menu_order":0,"comment_status":"closed","ping_status":"closed","template":"","meta":{"pagelayer_contact_templates":[],"_pagelayer_content":"","footnotes":""},"class_list":["post-40","page","type-page","status-publish","hentry"],"_links":{"self":[{"href":"https:\/\/micotural.com\/index.php?rest_route=\/wp\/v2\/pages\/40","targetHints":{"allow":["GET"]}}],"collection":[{"href":"https:\/\/micotural.com\/index.php?rest_route=\/wp\/v2\/pages"}],"about":[{"href":"https:\/\/micotural.com\/index.php?rest_route=\/wp\/v2\/types\/page"}],"author":[{"embeddable":true,"href":"https:\/\/micotural.com\/index.php?rest_route=\/wp\/v2\/users\/1"}],"replies":[{"embeddable":true,"href":"https:\/\/micotural.com\/index.php?rest_route=%2Fwp%2Fv2%2Fcomments&post=40"}],"version-history":[{"count":36,"href":"https:\/\/micotural.com\/index.php?rest_route=\/wp\/v2\/pages\/40\/revisions"}],"predecessor-version":[{"id":191,"href":"https:\/\/micotural.com\/index.php?rest_route=\/wp\/v2\/pages\/40\/revisions\/191"}],"wp:attachment":[{"href":"https:\/\/micotural.com\/index.php?rest_route=%2Fwp%2Fv2%2Fmedia&parent=40"}],"curies":[{"name":"wp","href":"https:\/\/api.w.org\/{rel}","templated":true}]}}